{"id":703,"date":"2025-01-01T21:35:31","date_gmt":"2025-01-01T21:35:31","guid":{"rendered":"https:\/\/journal.pedaqoq.az\/?page_id=703"},"modified":"2025-04-23T10:18:31","modified_gmt":"2025-04-23T10:18:31","slug":"contact","status":"publish","type":"page","link":"https:\/\/journal.pedaqoq.az\/?page_id=703","title":{"rendered":"CONTACT"},"content":{"rendered":"\n<p><strong>Publisher:<\/strong>\u00a0AZ\u018fRBAYCAN V\u018fT\u018fN M\u00dcHAR\u0130B\u018fS\u0130 VETERANLARI \u0130CT\u0130MA\u0130 B\u0130RL\u0130Y\u0130 (AVMV\u0130B)<br><em>Taxpayer Identification Number (TIN) of Azerbaijan: <strong>2000115931<\/strong> (<a href=\"https:\/\/www.e-taxes.gov.az\/ebyn\/payerOrVoenChecker.jsp\" data-type=\"link\" data-id=\"https:\/\/www.e-taxes.gov.az\/ebyn\/payerOrVoenChecker.jsp\" target=\"_blank\" rel=\"noopener\">check it<\/a>)<\/em><\/p>\n\n\n\n<p><strong>Website:<\/strong> <a href=\"http:\/\/veteran.az\" data-type=\"link\" data-id=\"veteran.az\" target=\"_blank\" rel=\"noopener\">www.veteran.az<\/a><br><br><strong>Address:<\/strong>\u00a0AZ1123, 2 R.Guliyev street, Khatai district, Baku, Republic of Azerbaijan<\/p>\n\n\n\n<p><strong>JOURNAL OF PEDAQOQ.AZ<\/strong><\/p>\n\n\n\n<table width=\"100%\">\n  <tr>\n  <td width=\"33.3%\"><b>E-MAIL<\/b> <br\/> journal.pedaqoq.az@gmail.com<\/td>\n  <td width=\"33.3%\"><b>PHONE<\/b> <br\/> +994 55 299 75 85<\/td>\n  <td width=\"33.3%\"><b>WEBSITE<\/b> <br\/> wwww.journal.pedaqoq.az<\/td>\n  <\/tr>\n<\/table>\n","protected":false},"excerpt":{"rendered":"<p>Publisher:\u00a0AZ\u018fRBAYCAN V\u018fT\u018fN M\u00dcHAR\u0130B\u018fS\u0130 VETERANLARI \u0130CT\u0130MA\u0130 B\u0130RL\u0130Y\u0130 (AVMV\u0130B)Taxpayer Identification Number (TIN) of Azerbaijan: 2000115931 (check it) Website: www.veteran.az Address:\u00a0AZ1123, 2 R.Guliyev street, Khatai district, Baku, Republic&hellip; <\/p>\n","protected":false},"author":1,"featured_media":0,"parent":0,"menu_order":0,"comment_status":"closed","ping_status":"closed","template":"","meta":{"footnotes":""},"class_list":["post-703","page","type-page","status-publish","hentry"],"_links":{"self":[{"href":"https:\/\/journal.pedaqoq.az\/index.php?rest_route=\/wp\/v2\/pages\/703","targetHints":{"allow":["GET"]}}],"collection":[{"href":"https:\/\/journal.pedaqoq.az\/index.php?rest_route=\/wp\/v2\/pages"}],"about":[{"href":"https:\/\/journal.pedaqoq.az\/index.php?rest_route=\/wp\/v2\/types\/page"}],"author":[{"embeddable":true,"href":"https:\/\/journal.pedaqoq.az\/index.php?rest_route=\/wp\/v2\/users\/1"}],"replies":[{"embeddable":true,"href":"https:\/\/journal.pedaqoq.az\/index.php?rest_route=%2Fwp%2Fv2%2Fcomments&post=703"}],"version-history":[{"count":0,"href":"https:\/\/journal.pedaqoq.az\/index.php?rest_route=\/wp\/v2\/pages\/703\/revisions"}],"wp:attachment":[{"href":"https:\/\/journal.pedaqoq.az\/index.php?rest_route=%2Fwp%2Fv2%2Fmedia&parent=703"}],"curies":[{"name":"wp","href":"https:\/\/api.w.org\/{rel}","templated":true}]}}